{"id":2712,"date":"2019-09-22T23:56:43","date_gmt":"2019-09-22T21:56:43","guid":{"rendered":"https:\/\/broadway-station.com\/?page_id=2712"},"modified":"2020-01-13T11:09:34","modified_gmt":"2020-01-13T10:09:34","slug":"imagine","status":"publish","type":"page","link":"https:\/\/broadway-station.com\/?page_id=2712","title":{"rendered":"Imagine"},"content":{"rendered":"<p>[et_pb_section fb_built=\u00a0\u00bb1&Prime; admin_label=\u00a0\u00bbContenu page &#8211; So jazz\u00a0\u00bb _builder_version=\u00a0\u00bb3.22&Prime; custom_margin=\u00a0\u00bb||-59px|||\u00a0\u00bb custom_padding=\u00a0\u00bb0|0px|363.4px|0px|false|false\u00a0\u00bb][et_pb_row admin_label=\u00a0\u00bbSection titre &#8211; So jazz\u00a0\u00bb _builder_version=\u00a0\u00bb3.25&Prime; module_alignment=\u00a0\u00bbcenter\u00a0\u00bb custom_padding=\u00a0\u00bb30px|0px|50px|0px|false|false\u00a0\u00bb custom_css_main_element=\u00a0\u00bbtext-align:center;\u00a0\u00bb][et_pb_column type=\u00a0\u00bb4_4&Prime; _builder_version=\u00a0\u00bb3.25&Prime; custom_padding=\u00a0\u00bb|||\u00a0\u00bb custom_padding__hover=\u00a0\u00bb|||\u00a0\u00bb][et_pb_text admin_label=\u00a0\u00bbTitre &#8211; So Jazz !\u00a0\u00bb _builder_version=\u00a0\u00bb3.27.4&Prime; text_font=\u00a0\u00bbLemonMilk|500|||||||\u00a0\u00bb text_text_color=\u00a0\u00bb#222222&Prime; text_font_size=\u00a0\u00bb35px\u00a0\u00bb text_letter_spacing=\u00a0\u00bb3px\u00a0\u00bb text_line_height=\u00a0\u00bb1em\u00a0\u00bb header_font=\u00a0\u00bbLemonMilk|500|||||||\u00a0\u00bb header_text_align=\u00a0\u00bbcenter\u00a0\u00bb header_text_color=\u00a0\u00bb#000000&Prime; background_image=\u00a0\u00bbhttps:\/\/broadway-station.com\/wp-content\/uploads\/2019\/03\/encart-so-jazz.png\u00a0\u00bb custom_padding=\u00a0\u00bb60px|2vw|16px|5vw|false|false\u00a0\u00bb custom_padding_tablet=\u00a0\u00bb||4vh\u00a0\u00bb custom_padding_phone=\u00a0\u00bb||5vh\u00a0\u00bb custom_padding_last_edited=\u00a0\u00bbon|phone\u00a0\u00bb header_font_size_tablet=\u00a0\u00bb30px\u00a0\u00bb header_font_size_phone=\u00a0\u00bb17px\u00a0\u00bb header_font_size_last_edited=\u00a0\u00bbon|phone\u00a0\u00bb custom_css_main_element=\u00a0\u00bbdisplay:inline-block;||background-size:contain;\u00a0\u00bb]<\/p>\n<h1 style=\"text-align: center;\">Imagine<\/h1>\n<p>[\/et_pb_text][\/et_pb_column][\/et_pb_row][et_pb_row admin_label=\u00a0\u00bbSection texte &#8211; Une interpr\u00e9tation complice et chaleureuse des plus grands standards de jazz.\u00a0\u00bb _builder_version=\u00a0\u00bb3.25&Prime; custom_padding=\u00a0\u00bb0|0px|0|0px|false|false\u00a0\u00bb][et_pb_column type=\u00a0\u00bb4_4&Prime; _builder_version=\u00a0\u00bb3.25&Prime; custom_padding=\u00a0\u00bb|||\u00a0\u00bb custom_padding__hover=\u00a0\u00bb|||\u00a0\u00bb][et_pb_text admin_label=\u00a0\u00bbTexte &#8211; Une interpr\u00e9tation complice et chaleureuse des plus grands standards de jazz.\u00a0\u00bb _builder_version=\u00a0\u00bb3.27.4&Prime; text_font=\u00a0\u00bb||||||||\u00a0\u00bb text_text_color=\u00a0\u00bb#222222&Prime; text_font_size=\u00a0\u00bb20px\u00a0\u00bb text_letter_spacing=\u00a0\u00bb1px\u00a0\u00bb text_orientation=\u00a0\u00bbcenter\u00a0\u00bb]<\/p>\n<p class=\"Textbody\"><b>\u00ab\u00a0IMAGINE, Tribute to Barbra\u00a0Streisand\u00a0\u00bb<\/b><\/p>\n<p>&nbsp;<\/p>\n<p>[\/et_pb_text][\/et_pb_column][\/et_pb_row][et_pb_row column_structure=\u00a0\u00bb2_5,3_5&Prime; admin_label=\u00a0\u00bbSection &#8211; Description du spectacle\u00a0\u00bb _builder_version=\u00a0\u00bb3.25&Prime; custom_padding=\u00a0\u00bb2px|0px|27px|0px|false|false\u00a0\u00bb][et_pb_column type=\u00a0\u00bb2_5&Prime; _builder_version=\u00a0\u00bb3.25&Prime; custom_padding=\u00a0\u00bb|||\u00a0\u00bb custom_padding__hover=\u00a0\u00bb|||\u00a0\u00bb][et_pb_image src=\u00a0\u00bbhttps:\/\/broadway-station.com\/wp-content\/uploads\/2019\/03\/Amphi-Op\u00e9ra-de-Lyon-Aviril-2017-4.jpg\u00a0\u00bb alt=\u00a0\u00bbSo jazz &#8211; Amphi Op\u00e9ra de Lyon Avril 2017&Prime; title_text=\u00a0\u00bbSo jazz &#8211; Amphi Op\u00e9ra de Lyon Avril 2017&Prime; align_tablet=\u00a0\u00bbcenter\u00a0\u00bb align_phone=\u00a0\u00bb\u00a0\u00bb align_last_edited=\u00a0\u00bbon|desktop\u00a0\u00bb admin_label=\u00a0\u00bbImage &#8211; So jazz \u00a0\u00bb _builder_version=\u00a0\u00bb3.23&Prime;][\/et_pb_image][\/et_pb_column][et_pb_column type=\u00a0\u00bb3_5&Prime; _builder_version=\u00a0\u00bb3.25&Prime; custom_padding=\u00a0\u00bb|||\u00a0\u00bb custom_padding__hover=\u00a0\u00bb|||\u00a0\u00bb][et_pb_text admin_label=\u00a0\u00bbTexte &#8211; Description du spectacle so jazz\u00a0\u00bb _builder_version=\u00a0\u00bb3.27.4&Prime; text_font=\u00a0\u00bbOpen Sans||||||||\u00a0\u00bb text_text_color=\u00a0\u00bb#222222&Prime;]<\/p>\n<div>\n<div dir=\"ltr\"><i><span>\u00ab\u00a0Comme habit\u00e9e par Barbra Streisand,\u00a0St\u00e9phanie MORALES interpr\u00e8te avec une grande sensibilit\u00e9, une belle \u00e9l\u00e9gance et quand il le faut, une touchante fragilit\u00e9, le r\u00e9pertoire de Streisand \u00bb<\/span><span>\u00a0<\/span><b><span>Jazz-Rh\u00f4ne-Alpes<\/span><\/b><\/i><\/div>\n<p class=\"m_-6348708647206206392ydpb025da96yiv3092083302ydp2dbfb68yiv8739626710ydp20634427yiv4949522588ydpb91f5d1yiv2668245416ydp6502e4b4yiv5201962985ydp1c99c186yiv8790948794MsoNormal\"><span><\/span><\/p>\n<p class=\"m_-6348708647206206392ydpb025da96yiv3092083302ydp2dbfb68yiv8739626710ydp20634427yiv4949522588ydpb91f5d1yiv2668245416ydp6502e4b4yiv5201962985ydp1c99c186yiv8790948794MsoNormal\"><span>Apr\u00e8s \u00ab\u00a0So Streisand, So Sinatra \u00bb qui mettait en sc\u00e8ne la rencontre in\u00e9dite des deux stars, Broadway Station revient cette fois pour un hommage centr\u00e9 sur la personnalit\u00e9 de Streisand. C&rsquo;est dans son dernier Album Walls, que Barbra a repris le titre de John Lennon. La force de l\u2019imagination est le fils conducteur que d\u00e9roule Broadway Station pour tisser cet hommage.<\/span><span><\/span><\/p>\n<div><span>Imagine, Tribute to Barbra Streisand, c\u2019est le portrait d\u2019une personnalit\u00e9 fascinante<\/span><span>\u00a0<\/span><span>qui se d\u00e9voile au travers de ses plus grands succ\u00e8s, entrelac\u00e9 de r\u00e9pliques de films et d\u2019interviews, \u00e9voquant ses combats, sa volont\u00e9 constante de r\u00e9aliser ses r\u00eaves en nous invitant \u00e0 faire de m\u00eame.<\/span><\/div>\n<\/div>\n<p>&nbsp;<\/p>\n<p>&nbsp;<\/p>\n<p>[\/et_pb_text][\/et_pb_column][\/et_pb_row][et_pb_row _builder_version=\u00a0\u00bb4.0.1&Prime;][et_pb_column type=\u00a0\u00bb4_4&Prime; _builder_version=\u00a0\u00bb4.0.1&Prime;][et_pb_video src=\u00a0\u00bbhttps:\/\/youtu.be\/gmEp-6hDIsQ\u00a0\u00bb _builder_version=\u00a0\u00bb4.0.4&Prime; src__hover_enabled=\u00a0\u00bbon|desktop\u00a0\u00bb src_webm=\u00a0\u00bbhttps:\/\/youtu.be\/gmEp-6hDIsQ\u00a0\u00bb][\/et_pb_video][\/et_pb_column][\/et_pb_row][\/et_pb_section][et_pb_section fb_built=\u00a0\u00bb1&Prime; admin_label=\u00a0\u00bbBloc Footer\u00a0\u00bb module_class=\u00a0\u00bbfooter\u00a0\u00bb _builder_version=\u00a0\u00bb4.0.1&Prime; background_color=\u00a0\u00bb#222222&Prime; max_width=\u00a0\u00bb100%\u00a0\u00bb min_height=\u00a0\u00bb152px\u00a0\u00bb height=\u00a0\u00bb309px\u00a0\u00bb custom_margin=\u00a0\u00bb-127px|||||\u00a0\u00bb custom_padding=\u00a0\u00bb0px|0px|30px|0px|false|false\u00a0\u00bb global_module=\u00a0\u00bb733&Prime; saved_tabs=\u00a0\u00bball\u00a0\u00bb][et_pb_row column_structure=\u00a0\u00bb1_4,1_4,1_4,1_4&Prime; use_custom_gutter=\u00a0\u00bbon\u00a0\u00bb gutter_width=\u00a0\u00bb1&Prime; admin_label=\u00a0\u00bbFooter\u00a0\u00bb module_class=\u00a0\u00bb et_pb_row_fullwidth\u00a0\u00bb _builder_version=\u00a0\u00bb3.25&Prime; width=\u00a0\u00bb100%\u00a0\u00bb width_tablet=\u00a0\u00bb100%\u00a0\u00bb width_phone=\u00a0\u00bb\u00a0\u00bb width_last_edited=\u00a0\u00bbon|desktop\u00a0\u00bb max_width=\u00a0\u00bb100%\u00a0\u00bb max_width_tablet=\u00a0\u00bb100%\u00a0\u00bb max_width_phone=\u00a0\u00bb\u00a0\u00bb max_width_last_edited=\u00a0\u00bbon|desktop\u00a0\u00bb min_height=\u00a0\u00bb188px\u00a0\u00bb custom_margin=\u00a0\u00bb1px|auto||auto||\u00a0\u00bb custom_padding=\u00a0\u00bb0px|50px|0px|50px|false|false\u00a0\u00bb custom_css_main_element=\u00a0\u00bbdisplay:flex\u00a0\u00bb make_fullwidth=\u00a0\u00bbon\u00a0\u00bb][et_pb_column type=\u00a0\u00bb1_4&Prime; _builder_version=\u00a0\u00bb3.25&Prime; custom_padding=\u00a0\u00bb|||\u00a0\u00bb custom_padding__hover=\u00a0\u00bb|||\u00a0\u00bb][et_pb_text admin_label=\u00a0\u00bbNavigation &#8211; Medias\u00a0\u00bb module_class=\u00a0\u00bblien_menu\u00a0\u00bb _builder_version=\u00a0\u00bb3.27.4&Prime; text_font=\u00a0\u00bb||||||||\u00a0\u00bb text_text_color=\u00a0\u00bb#666&Prime; text_orientation=\u00a0\u00bbcenter\u00a0\u00bb custom_css_main_element=\u00a0\u00bbwhite-space:nowrap;\u00a0\u00bb]<\/p>\n<p><a href=\"https:\/\/broadway-station.com\/albums\/\">Albums<\/a> &#8211; <a href=\"https:\/\/broadway-station.com\/musiques\/\">Music<\/a> &#8211; <a href=\"https:\/\/broadway-station.com\/videos\/\">Videos<\/a><\/p>\n<p>[\/et_pb_text][et_pb_text admin_label=\u00a0\u00bbNavigation &#8211; Contact\u00a0\u00bb _builder_version=\u00a0\u00bb3.27.4&Prime; text_font=\u00a0\u00bb||||||||\u00a0\u00bb text_orientation=\u00a0\u00bbcenter\u00a0\u00bb link_option_url=\u00a0\u00bbhttps:\/\/broadway-station.com\/contact\/\u00a0\u00bb]<\/p>\n<p>Contact<\/p>\n<p>[\/et_pb_text][et_pb_text admin_label=\u00a0\u00bbNavigation &#8211; Concert\u00a0\u00bb module_class=\u00a0\u00bblien_menu\u00a0\u00bb _builder_version=\u00a0\u00bb3.27.4&Prime; text_font=\u00a0\u00bb||||||||\u00a0\u00bb text_text_color=\u00a0\u00bb#666666&Prime; text_orientation=\u00a0\u00bbcenter\u00a0\u00bb min_height=\u00a0\u00bb72px\u00a0\u00bb custom_margin=\u00a0\u00bb0px||0px||false\u00a0\u00bb custom_css_main_element=\u00a0\u00bbcolor: #222222;||white-space:nowrap;\u00a0\u00bb]<\/p>\n<p><a href=\"https:\/\/broadway-station.com\/tribute-to-barbra-streisand\/\">Tribute<\/a> &#8211; <a href=\"https:\/\/broadway-station.com\/so-jazz\/\">So Jazz<\/a> &#8211; <a href=\"https:\/\/broadway-station.com\/so-in-love\/\">So In Love<\/a> &#8211; <a href=\"https:\/\/broadway-station.com\/repertoire\/\">R\u00e9pertoire<\/a><\/p>\n<p>[\/et_pb_text][et_pb_text admin_label=\u00a0\u00bbNavigation &#8211; Home\u00a0\u00bb _builder_version=\u00a0\u00bb3.27.4&Prime; text_font=\u00a0\u00bb||||||||\u00a0\u00bb header_font=\u00a0\u00bb||||||||\u00a0\u00bb text_orientation=\u00a0\u00bbcenter\u00a0\u00bb custom_margin=\u00a0\u00bb-25px|||||\u00a0\u00bb link_option_url=\u00a0\u00bbhttps:\/\/broadway-station.com\/\u00a0\u00bb]<\/p>\n<p>Accueil<\/p>\n<p>[\/et_pb_text][\/et_pb_column][et_pb_column type=\u00a0\u00bb1_4&Prime; module_class=\u00a0\u00bbmid_column\u00a0\u00bb _builder_version=\u00a0\u00bb3.25&Prime; custom_padding=\u00a0\u00bb|||\u00a0\u00bb custom_padding__hover=\u00a0\u00bb|||\u00a0\u00bb][et_pb_image src=\u00a0\u00bbhttps:\/\/broadway-station.com\/wp-content\/uploads\/2019\/03\/facebook.png\u00a0\u00bb alt=\u00a0\u00bbFacebook\u00a0\u00bb title_text=\u00a0\u00bbFacebook\u00a0\u00bb url=\u00a0\u00bbhttps:\/\/www.facebook.com\/broadwaystationjazz\/\u00a0\u00bb align=\u00a0\u00bbcenter\u00a0\u00bb align_tablet=\u00a0\u00bbcenter\u00a0\u00bb align_phone=\u00a0\u00bb\u00a0\u00bb align_last_edited=\u00a0\u00bbon|desktop\u00a0\u00bb admin_label=\u00a0\u00bbImage &#8211; RS &#8211; Facebook\u00a0\u00bb _builder_version=\u00a0\u00bb3.23&Prime; max_width=\u00a0\u00bb10%\u00a0\u00bb custom_margin=\u00a0\u00bb10px||10px||true\u00a0\u00bb][\/et_pb_image][et_pb_image src=\u00a0\u00bbhttps:\/\/broadway-station.com\/wp-content\/uploads\/2019\/02\/youtube-1.png\u00a0\u00bb alt=\u00a0\u00bbyoutube\u00a0\u00bb title_text=\u00a0\u00bbyoutube\u00a0\u00bb url=\u00a0\u00bbhttps:\/\/www.youtube.com\/channel\/UCf41ARpOROv3JC9edfKSf6g\u00a0\u00bb align=\u00a0\u00bbcenter\u00a0\u00bb align_tablet=\u00a0\u00bbcenter\u00a0\u00bb align_phone=\u00a0\u00bb\u00a0\u00bb align_last_edited=\u00a0\u00bbon|desktop\u00a0\u00bb admin_label=\u00a0\u00bbImage &#8211; RS &#8211; Youtube\u00a0\u00bb _builder_version=\u00a0\u00bb3.23&Prime; max_width=\u00a0\u00bb10%\u00a0\u00bb][\/et_pb_image][et_pb_image src=\u00a0\u00bbhttps:\/\/broadway-station.com\/wp-content\/uploads\/2019\/02\/soundcloud.png\u00a0\u00bb alt=\u00a0\u00bbsoundcloud\u00a0\u00bb title_text=\u00a0\u00bbsoundcloud\u00a0\u00bb url=\u00a0\u00bbhttps:\/\/soundcloud.com\/user-719868135&Prime; align=\u00a0\u00bbcenter\u00a0\u00bb align_tablet=\u00a0\u00bbcenter\u00a0\u00bb align_phone=\u00a0\u00bb\u00a0\u00bb align_last_edited=\u00a0\u00bbon|desktop\u00a0\u00bb admin_label=\u00a0\u00bbImage &#8211; RS &#8211; Soundcloud\u00a0\u00bb _builder_version=\u00a0\u00bb3.23&Prime; max_width=\u00a0\u00bb10%\u00a0\u00bb][\/et_pb_image][et_pb_image src=\u00a0\u00bbhttps:\/\/broadway-station.com\/wp-content\/uploads\/2019\/02\/instagram-1.png\u00a0\u00bb alt=\u00a0\u00bbinstagram\u00a0\u00bb title_text=\u00a0\u00bbinstagram\u00a0\u00bb url=\u00a0\u00bbhttps:\/\/www.instagram.com\/broadway_station\/\u00a0\u00bb align=\u00a0\u00bbcenter\u00a0\u00bb align_tablet=\u00a0\u00bbcenter\u00a0\u00bb align_phone=\u00a0\u00bb\u00a0\u00bb align_last_edited=\u00a0\u00bbon|desktop\u00a0\u00bb admin_label=\u00a0\u00bbImage &#8211; RS &#8211; instagram\u00a0\u00bb _builder_version=\u00a0\u00bb3.23&Prime; max_width=\u00a0\u00bb10%\u00a0\u00bb][\/et_pb_image][\/et_pb_column][et_pb_column type=\u00a0\u00bb1_4&Prime; module_class=\u00a0\u00bbright_column\u00a0\u00bb _builder_version=\u00a0\u00bb3.25&Prime; custom_padding=\u00a0\u00bb|||\u00a0\u00bb custom_padding__hover=\u00a0\u00bb|||\u00a0\u00bb][et_pb_text admin_label=\u00a0\u00bbTexte &#8211; Bloc contact\u00a0\u00bb _builder_version=\u00a0\u00bb3.29.3&Prime; text_font=\u00a0\u00bb||||||||\u00a0\u00bb text_text_color=\u00a0\u00bb#dd4b12&Prime; text_line_height=\u00a0\u00bb0.5em\u00a0\u00bb header_font=\u00a0\u00bb||||||||\u00a0\u00bb custom_margin=\u00a0\u00bb10px||10px||true\u00a0\u00bb custom_css_main_element=\u00a0\u00bbmargin:auto;||white-space:nowrap;\u00a0\u00bb]<\/p>\n<p style=\"text-align: left;\">Contact<\/p>\n<p>Ensemble Broadway Station<\/p>\n<p>Phone : +33 6 13 92 91 14<\/p>\n<p>Mail contact@stephanie-morales.com<\/p>\n<p>&nbsp;<\/p>\n<p>[\/et_pb_text][\/et_pb_column][et_pb_column type=\u00a0\u00bb1_4&Prime; _builder_version=\u00a0\u00bb3.25&Prime; custom_padding=\u00a0\u00bb|||\u00a0\u00bb custom_padding__hover=\u00a0\u00bb|||\u00a0\u00bb][et_pb_image src=\u00a0\u00bbhttps:\/\/broadway-station.com\/wp-content\/uploads\/2019\/02\/logo-version-blanche.png\u00a0\u00bb alt=\u00a0\u00bbLogo version Blanche\u00a0\u00bb title_text=\u00a0\u00bbLogo version Blanche\u00a0\u00bb align_tablet=\u00a0\u00bbcenter\u00a0\u00bb align_phone=\u00a0\u00bb\u00a0\u00bb align_last_edited=\u00a0\u00bbon|desktop\u00a0\u00bb admin_label=\u00a0\u00bbImage &#8211; Logo\u00a0\u00bb _builder_version=\u00a0\u00bb3.23&Prime; max_width=\u00a0\u00bb75%\u00a0\u00bb module_alignment=\u00a0\u00bbcenter\u00a0\u00bb custom_margin=\u00a0\u00bb10px||10px||true\u00a0\u00bb][\/et_pb_image][\/et_pb_column][\/et_pb_row][\/et_pb_section]<\/p>\n","protected":false},"excerpt":{"rendered":"<p>Imagine\u00a0\u00bbIMAGINE, Tribute to Barbra\u00a0Streisand\u00a0\u00bb &nbsp; \u00ab\u00a0Comme habit\u00e9e par Barbra Streisand,\u00a0St\u00e9phanie MORALES interpr\u00e8te avec une grande sensibilit\u00e9, une belle \u00e9l\u00e9gance et quand il le faut, une touchante fragilit\u00e9, le r\u00e9pertoire de Streisand \u00bb\u00a0Jazz-Rh\u00f4ne-Alpes Apr\u00e8s \u00ab\u00a0So Streisand, So Sinatra \u00bb qui mettait en sc\u00e8ne la rencontre in\u00e9dite des deux stars, Broadway Station revient cette fois pour un [&hellip;]<\/p>\n","protected":false},"author":1,"featured_media":0,"parent":0,"menu_order":0,"comment_status":"closed","ping_status":"closed","template":"","meta":{"_et_pb_use_builder":"on","_et_pb_old_content":"","_et_gb_content_width":"","footnotes":""},"class_list":["post-2712","page","type-page","status-publish","hentry"],"yoast_head":"<!-- This site is optimized with the Yoast SEO plugin v26.8 - https:\/\/yoast.com\/product\/yoast-seo-wordpress\/ -->\n<title>Imagine - Broadway Station<\/title>\n<meta name=\"robots\" content=\"index, follow, max-snippet:-1, max-image-preview:large, max-video-preview:-1\" \/>\n<link rel=\"canonical\" href=\"https:\/\/broadway-station.com\/?page_id=2712\" \/>\n<meta property=\"og:locale\" content=\"fr_FR\" \/>\n<meta property=\"og:type\" content=\"article\" \/>\n<meta property=\"og:title\" content=\"Imagine - Broadway Station\" \/>\n<meta property=\"og:description\" content=\"Imagine&quot;IMAGINE, Tribute to Barbra\u00a0Streisand&quot; &nbsp; \u00ab\u00a0Comme habit\u00e9e par Barbra Streisand,\u00a0St\u00e9phanie MORALES interpr\u00e8te avec une grande sensibilit\u00e9, une belle \u00e9l\u00e9gance et quand il le faut, une touchante fragilit\u00e9, le r\u00e9pertoire de Streisand \u00bb\u00a0Jazz-Rh\u00f4ne-Alpes Apr\u00e8s \u00ab\u00a0So Streisand, So Sinatra \u00bb qui mettait en sc\u00e8ne la rencontre in\u00e9dite des deux stars, Broadway Station revient cette fois pour un [&hellip;]\" \/>\n<meta property=\"og:url\" content=\"https:\/\/broadway-station.com\/?page_id=2712\" \/>\n<meta property=\"og:site_name\" content=\"Broadway Station\" \/>\n<meta property=\"article:publisher\" content=\"https:\/\/www.facebook.com\/broadwaystationjazz\/\" \/>\n<meta property=\"article:modified_time\" content=\"2020-01-13T10:09:34+00:00\" \/>\n<meta name=\"twitter:card\" content=\"summary_large_image\" \/>\n<meta name=\"twitter:label1\" content=\"Dur\u00e9e de lecture estim\u00e9e\" \/>\n\t<meta name=\"twitter:data1\" content=\"6 minutes\" \/>\n<script type=\"application\/ld+json\" class=\"yoast-schema-graph\">{\"@context\":\"https:\/\/schema.org\",\"@graph\":[{\"@type\":\"WebPage\",\"@id\":\"https:\/\/broadway-station.com\/?page_id=2712\",\"url\":\"https:\/\/broadway-station.com\/?page_id=2712\",\"name\":\"Imagine - Broadway Station\",\"isPartOf\":{\"@id\":\"https:\/\/broadway-station.com\/#website\"},\"datePublished\":\"2019-09-22T21:56:43+00:00\",\"dateModified\":\"2020-01-13T10:09:34+00:00\",\"breadcrumb\":{\"@id\":\"https:\/\/broadway-station.com\/?page_id=2712#breadcrumb\"},\"inLanguage\":\"fr-FR\",\"potentialAction\":[{\"@type\":\"ReadAction\",\"target\":[\"https:\/\/broadway-station.com\/?page_id=2712\"]}]},{\"@type\":\"BreadcrumbList\",\"@id\":\"https:\/\/broadway-station.com\/?page_id=2712#breadcrumb\",\"itemListElement\":[{\"@type\":\"ListItem\",\"position\":1,\"name\":\"Accueil\",\"item\":\"https:\/\/broadway-station.com\/\"},{\"@type\":\"ListItem\",\"position\":2,\"name\":\"Imagine\"}]},{\"@type\":\"WebSite\",\"@id\":\"https:\/\/broadway-station.com\/#website\",\"url\":\"https:\/\/broadway-station.com\/\",\"name\":\"Broadway Station\",\"description\":\"\",\"potentialAction\":[{\"@type\":\"SearchAction\",\"target\":{\"@type\":\"EntryPoint\",\"urlTemplate\":\"https:\/\/broadway-station.com\/?s={search_term_string}\"},\"query-input\":{\"@type\":\"PropertyValueSpecification\",\"valueRequired\":true,\"valueName\":\"search_term_string\"}}],\"inLanguage\":\"fr-FR\"}]}<\/script>\n<!-- \/ Yoast SEO plugin. -->","yoast_head_json":{"title":"Imagine - Broadway Station","robots":{"index":"index","follow":"follow","max-snippet":"max-snippet:-1","max-image-preview":"max-image-preview:large","max-video-preview":"max-video-preview:-1"},"canonical":"https:\/\/broadway-station.com\/?page_id=2712","og_locale":"fr_FR","og_type":"article","og_title":"Imagine - Broadway Station","og_description":"Imagine\"IMAGINE, Tribute to Barbra\u00a0Streisand\" &nbsp; \u00ab\u00a0Comme habit\u00e9e par Barbra Streisand,\u00a0St\u00e9phanie MORALES interpr\u00e8te avec une grande sensibilit\u00e9, une belle \u00e9l\u00e9gance et quand il le faut, une touchante fragilit\u00e9, le r\u00e9pertoire de Streisand \u00bb\u00a0Jazz-Rh\u00f4ne-Alpes Apr\u00e8s \u00ab\u00a0So Streisand, So Sinatra \u00bb qui mettait en sc\u00e8ne la rencontre in\u00e9dite des deux stars, Broadway Station revient cette fois pour un [&hellip;]","og_url":"https:\/\/broadway-station.com\/?page_id=2712","og_site_name":"Broadway Station","article_publisher":"https:\/\/www.facebook.com\/broadwaystationjazz\/","article_modified_time":"2020-01-13T10:09:34+00:00","twitter_card":"summary_large_image","twitter_misc":{"Dur\u00e9e de lecture estim\u00e9e":"6 minutes"},"schema":{"@context":"https:\/\/schema.org","@graph":[{"@type":"WebPage","@id":"https:\/\/broadway-station.com\/?page_id=2712","url":"https:\/\/broadway-station.com\/?page_id=2712","name":"Imagine - Broadway Station","isPartOf":{"@id":"https:\/\/broadway-station.com\/#website"},"datePublished":"2019-09-22T21:56:43+00:00","dateModified":"2020-01-13T10:09:34+00:00","breadcrumb":{"@id":"https:\/\/broadway-station.com\/?page_id=2712#breadcrumb"},"inLanguage":"fr-FR","potentialAction":[{"@type":"ReadAction","target":["https:\/\/broadway-station.com\/?page_id=2712"]}]},{"@type":"BreadcrumbList","@id":"https:\/\/broadway-station.com\/?page_id=2712#breadcrumb","itemListElement":[{"@type":"ListItem","position":1,"name":"Accueil","item":"https:\/\/broadway-station.com\/"},{"@type":"ListItem","position":2,"name":"Imagine"}]},{"@type":"WebSite","@id":"https:\/\/broadway-station.com\/#website","url":"https:\/\/broadway-station.com\/","name":"Broadway Station","description":"","potentialAction":[{"@type":"SearchAction","target":{"@type":"EntryPoint","urlTemplate":"https:\/\/broadway-station.com\/?s={search_term_string}"},"query-input":{"@type":"PropertyValueSpecification","valueRequired":true,"valueName":"search_term_string"}}],"inLanguage":"fr-FR"}]}},"_links":{"self":[{"href":"https:\/\/broadway-station.com\/index.php?rest_route=\/wp\/v2\/pages\/2712","targetHints":{"allow":["GET"]}}],"collection":[{"href":"https:\/\/broadway-station.com\/index.php?rest_route=\/wp\/v2\/pages"}],"about":[{"href":"https:\/\/broadway-station.com\/index.php?rest_route=\/wp\/v2\/types\/page"}],"author":[{"embeddable":true,"href":"https:\/\/broadway-station.com\/index.php?rest_route=\/wp\/v2\/users\/1"}],"replies":[{"embeddable":true,"href":"https:\/\/broadway-station.com\/index.php?rest_route=%2Fwp%2Fv2%2Fcomments&post=2712"}],"version-history":[{"count":29,"href":"https:\/\/broadway-station.com\/index.php?rest_route=\/wp\/v2\/pages\/2712\/revisions"}],"predecessor-version":[{"id":3081,"href":"https:\/\/broadway-station.com\/index.php?rest_route=\/wp\/v2\/pages\/2712\/revisions\/3081"}],"wp:attachment":[{"href":"https:\/\/broadway-station.com\/index.php?rest_route=%2Fwp%2Fv2%2Fmedia&parent=2712"}],"curies":[{"name":"wp","href":"https:\/\/api.w.org\/{rel}","templated":true}]}}