{"id":1752,"date":"2019-03-09T16:21:40","date_gmt":"2019-03-09T15:21:40","guid":{"rendered":"https:\/\/broadway-station.com\/?page_id=1752"},"modified":"2019-03-13T12:48:31","modified_gmt":"2019-03-13T11:48:31","slug":"presentation","status":"publish","type":"page","link":"https:\/\/broadway-station.com\/?page_id=1752","title":{"rendered":"Pr\u00e9sentation"},"content":{"rendered":"<p>[et_pb_section fb_built=\u00a0\u00bb1&Prime; admin_label=\u00a0\u00bbContenu page &#8211; Pr\u00e9sentation\u00a0\u00bb _builder_version=\u00a0\u00bb3.19.11&Prime; custom_padding=\u00a0\u00bb0|0px|35px|0px|false|false\u00a0\u00bb][et_pb_row custom_padding=\u00a0\u00bb30px|0px|50px|0px|false|false\u00a0\u00bb admin_label=\u00a0\u00bbSection Titre &#8211; Broadway Station\u00a0\u00bb _builder_version=\u00a0\u00bb3.19.18&Prime; module_alignment=\u00a0\u00bbcenter\u00a0\u00bb custom_css_main_element=\u00a0\u00bbtext-align:center;\u00a0\u00bb][et_pb_column type=\u00a0\u00bb4_4&Prime; _builder_version=\u00a0\u00bb3.19.18&Prime;][et_pb_text admin_label=\u00a0\u00bbTexte &#8211; Broadway Station\u00a0\u00bb _builder_version=\u00a0\u00bb3.20.1&Prime; text_font=\u00a0\u00bbLemonMilk|500|||||||\u00a0\u00bb text_text_color=\u00a0\u00bb#222222&Prime; text_font_size=\u00a0\u00bb35px\u00a0\u00bb text_letter_spacing=\u00a0\u00bb3px\u00a0\u00bb text_line_height=\u00a0\u00bb1em\u00a0\u00bb header_font=\u00a0\u00bbLemonMilk|500|||||||\u00a0\u00bb header_text_align=\u00a0\u00bbcenter\u00a0\u00bb header_text_color=\u00a0\u00bb#000000&Prime; header_font_size_tablet=\u00a0\u00bb30px\u00a0\u00bb header_font_size_phone=\u00a0\u00bb17px\u00a0\u00bb header_font_size_last_edited=\u00a0\u00bbon|tablet\u00a0\u00bb header_2_font=\u00a0\u00bb||||||||\u00a0\u00bb header_2_text_color=\u00a0\u00bb#222222&Prime; background_image=\u00a0\u00bbhttps:\/\/broadway-station.com\/wp-content\/uploads\/2019\/03\/encart-l-ensemble-broadway-station.png\u00a0\u00bb custom_padding=\u00a0\u00bb60px|2vw|16px|5vw|false|false\u00a0\u00bb custom_padding_tablet=\u00a0\u00bb60px||4vh\u00a0\u00bb custom_padding_phone=\u00a0\u00bb||5vh\u00a0\u00bb custom_padding_last_edited=\u00a0\u00bbon|phone\u00a0\u00bb custom_css_main_element=\u00a0\u00bbdisplay:inline-block;||background-size:contain;||white-space:nowrap;\u00a0\u00bb]<\/p>\n<h1 style=\"text-align: center;\">L&rsquo;ensemble Broadway Station<\/h1>\n<p>[\/et_pb_text][\/et_pb_column][\/et_pb_row][et_pb_row make_fullwidth=\u00a0\u00bbon\u00a0\u00bb custom_padding=\u00a0\u00bb0|0px|0|0px|false|false\u00a0\u00bb admin_label=\u00a0\u00bbSection texte &#8211; L\u00e9gende interview de St\u00e9phanie Morales\u00a0\u00bb _builder_version=\u00a0\u00bb3.19.18&Prime;][et_pb_column type=\u00a0\u00bb4_4&Prime; _builder_version=\u00a0\u00bb3.19.18&Prime;][et_pb_text admin_label=\u00a0\u00bbTexte &#8211; Interview de St\u00e9phanie Morales\u00a0\u00bb _builder_version=\u00a0\u00bb3.19.18&Prime; text_font=\u00a0\u00bbOpen Sans||||||||\u00a0\u00bb text_text_color=\u00a0\u00bb#888888&Prime; custom_margin=\u00a0\u00bb||15px\u00a0\u00bb]<\/p>\n<p><em>Interview de St\u00e9phanie Morales, directrice artistique de Broadway Station<\/em><\/p>\n<p>[\/et_pb_text][\/et_pb_column][\/et_pb_row][et_pb_row make_fullwidth=\u00a0\u00bbon\u00a0\u00bb custom_padding=\u00a0\u00bb0|0px|50px|0px|false|false\u00a0\u00bb admin_label=\u00a0\u00bbSection &#8211; Interview de St\u00e9phanie Morales\u00a0\u00bb _builder_version=\u00a0\u00bb3.19.18&Prime;][et_pb_column type=\u00a0\u00bb1_3&Prime; _builder_version=\u00a0\u00bb3.19.18&Prime;][et_pb_text admin_label=\u00a0\u00bbTexte &#8211; Pourquoi ENSEMBLE\u00a0\u00bb _builder_version=\u00a0\u00bb3.20.1&Prime; text_font=\u00a0\u00bbOpen Sans||||||||\u00a0\u00bb text_text_color=\u00a0\u00bb#dd4b12&Prime; text_font_size=\u00a0\u00bb24px\u00a0\u00bb text_line_height=\u00a0\u00bb1em\u00a0\u00bb header_font=\u00a0\u00bb||||||||\u00a0\u00bb header_text_color=\u00a0\u00bb#dd4b12&Prime; header_2_font=\u00a0\u00bb||||||||\u00a0\u00bb header_2_text_color=\u00a0\u00bb#dd4b12&Prime; custom_margin=\u00a0\u00bb||15px\u00a0\u00bb]<\/p>\n<h2><strong>Pourquoi ENSEMBLE ?<\/strong><\/h2>\n<p>[\/et_pb_text][et_pb_text admin_label=\u00a0\u00bbTexte &#8211; R\u00e9ponse \u00e0 la question\u00a0\u00bb _builder_version=\u00a0\u00bb3.20.1&Prime; text_font=\u00a0\u00bbOpen Sans||||||||\u00a0\u00bb text_text_color=\u00a0\u00bb#222222&Prime; header_font=\u00a0\u00bb||||||||\u00a0\u00bb header_2_font=\u00a0\u00bb||||||||\u00a0\u00bb]<\/p>\n<p>L\u2019<a href=\"https:\/\/www.facebook.com\/broadwaystationjazz\/\"><strong>Ensemble Broadway Station<\/strong><\/a> est le fruit de belles rencontres, musicales mais aussi humaines.<\/p>\n<p>Depuis sa <strong>cr\u00e9ation en 2013<\/strong>, nous avons accueilli des artistes de talent mais avant tout des personnalit\u00e9s<strong> aux univers riches et vari\u00e9s<\/strong>, qui ont contribu\u00e9 au succ\u00e8s de l&rsquo;ensemble.<\/p>\n<p>A partir de 2015 c&rsquo;est<strong> Joachim Expert<\/strong> qui assure la direction musicale. Il r\u00e9alise la plupart de nos arrangements, m\u00eame s&rsquo;il s&rsquo;agit d&rsquo;un travail collectif.\u00a0 C\u00f4t\u00e9 sc\u00e8ne, le metteur en sc\u00e8ne <strong>Andr\u00e9 Fornier<\/strong> a rejoint l&rsquo;\u00e9quipe pour l&rsquo;\u00e9criture de <em>So Streisand, So Sinatra.<\/em> Rencontres, accords, divergences.<\/p>\n<p>J&rsquo;aime\u00a0sentir ce point de d\u00e9s\u00e9quilibre qui met en mouvement. Vers la nouveaut\u00e9, la cr\u00e9ation, l&rsquo;autre\u00a0!<\/p>\n<p>On aurait pu s&rsquo;appeler Groupe ou Band, mais<strong>\u00a0ENSEMBLE\u00a0<\/strong>c&rsquo;est\u00a0mieux, non\u00a0?\u00a0!<\/p>\n<p>[\/et_pb_text][\/et_pb_column][et_pb_column type=\u00a0\u00bb1_3&Prime; _builder_version=\u00a0\u00bb3.19.18&Prime;][et_pb_text admin_label=\u00a0\u00bbTexte &#8211; Pourquoi BROADWAY\u00a0\u00bb _builder_version=\u00a0\u00bb3.20.1&Prime; text_font=\u00a0\u00bbOpen Sans||||||||\u00a0\u00bb text_text_color=\u00a0\u00bb#dd4b12&Prime; text_font_size=\u00a0\u00bb24px\u00a0\u00bb text_line_height=\u00a0\u00bb1em\u00a0\u00bb header_font=\u00a0\u00bb||||||||\u00a0\u00bb header_2_font=\u00a0\u00bb||||||||\u00a0\u00bb header_2_text_color=\u00a0\u00bb#dd4b12&Prime; custom_margin=\u00a0\u00bb||15px\u00a0\u00bb]<\/p>\n<h2><strong>Pourquoi BROADWAY ?<\/strong><\/h2>\n<p>[\/et_pb_text][et_pb_text admin_label=\u00a0\u00bbTexte &#8211; R\u00e9ponse \u00e0 la question\u00a0\u00bb _builder_version=\u00a0\u00bb3.20.1&Prime; text_font=\u00a0\u00bbOpen Sans||||||||\u00a0\u00bb text_text_color=\u00a0\u00bb#222222&Prime;]<\/p>\n<p>Mais c&rsquo;est \u00e0<strong> Broadway<\/strong> que tout a commenc\u00e9\u00a0!\u00a0Phare mythique et\u00a0berceau des <strong>com\u00e9dies musicales<\/strong>, terrain de jeu incontournable des jazzmen du monde entier\u00a0!<\/p>\n<p>Un retour \u00e0 la source\u00a0? Peut-\u00eatre bien car apr\u00e8s tout, j&rsquo;ai fait un double cursus en Op\u00e9ra et en Com\u00e9die musicale.<\/p>\n<p><a href=\"https:\/\/broadway-station.com\/l-ensemble-broadway-station\/\"><strong>Fr\u00e9deric Gignoux<\/strong><\/a>\u00a0 m&rsquo;accompagne dans cette aventure depuis le d\u00e9but. Et c&rsquo;est avec sa complicit\u00e9 et celle des meilleurs jazzmen de la r\u00e9gion que j&rsquo;ai\u00a0fond\u00e9\u00a0<a href=\"https:\/\/soundcloud.com\/user-719868135\">Broadway Station<\/a> comme on s&rsquo;offre un cadeau, pour le\u00a0seul\u00a0plaisir d\u2019interpr\u00e9ter et de <strong>partager avec le public<\/strong> ce magnifique r\u00e9pertoire\u00a0!<\/p>\n<p>Streisand et Sinatra sont nos ma\u00eetres, nos anges et notre inspiration.<\/p>\n<p>[\/et_pb_text][\/et_pb_column][et_pb_column type=\u00a0\u00bb1_3&Prime; _builder_version=\u00a0\u00bb3.19.18&Prime;][et_pb_text admin_label=\u00a0\u00bbTexte &#8211; Pourquoi STATION\u00a0\u00bb _builder_version=\u00a0\u00bb3.20.1&Prime; text_font=\u00a0\u00bbOpen Sans||||||||\u00a0\u00bb text_text_color=\u00a0\u00bb#dd4b12&Prime; text_font_size=\u00a0\u00bb24px\u00a0\u00bb text_line_height=\u00a0\u00bb1em\u00a0\u00bb header_font=\u00a0\u00bb||||||||\u00a0\u00bb header_2_font=\u00a0\u00bb||||||||\u00a0\u00bb header_2_text_color=\u00a0\u00bb#dd4b12&Prime; custom_margin=\u00a0\u00bb||15px\u00a0\u00bb]<\/p>\n<h2><strong>Et pourquoi STATION?<\/strong><\/h2>\n<p>[\/et_pb_text][et_pb_text admin_label=\u00a0\u00bbTexte &#8211; R\u00e9ponse \u00e0 la question\u00a0\u00bb _builder_version=\u00a0\u00bb3.20.1&Prime; text_font=\u00a0\u00bbOpen Sans||||||||\u00a0\u00bb text_text_color=\u00a0\u00bb#222222&Prime; header_font=\u00a0\u00bb||||||||\u00a0\u00bb]<\/p>\n<p>Parce qu\u2019une station de m\u00e9tro comme celle-ci, c\u2019est d\u00e9j\u00e0 tout <strong>un voyage<\/strong>, une destination ou une correspondance, un lieu de rencontres.<\/p>\n<p>Chanteuse issue du lyrique,\u00a0j&rsquo;avais encore d\u2019autres destinations \u00e0 explorer, d&rsquo;autres tentations vocales, comme celle de confronter mon obsession du legato \u00e0\u00a0la\u00a0<strong>virtuosit\u00e9\u00a0du jazz<\/strong> !<\/p>\n<p>C&rsquo;est\u00a0de\u00a0cette envie de croiser nos univers\u00a0et de s&rsquo;enrichir de nos parcours respectifs qu\u2019est n\u00e9 l\u2019<a href=\"https:\/\/www.youtube.com\/channel\/UCf41ARpOROv3JC9edfKSf6g\"><strong>Ensemble Broadway Station<\/strong><\/a>.<\/p>\n<p>\u00ab\u00a0<i>Je chante avec tout mon c\u0153ur afin de toucher le v\u00f4tre.\u00a0\u00bb (Barbra Streisand)<\/i><\/p>\n<p>[\/et_pb_text][\/et_pb_column][\/et_pb_row][et_pb_row make_fullwidth=\u00a0\u00bbon\u00a0\u00bb custom_padding=\u00a0\u00bb0|0px|23.6875px|0px|false|false\u00a0\u00bb admin_label=\u00a0\u00bbSection vid\u00e9o &#8211; Broadway Station Op\u00e9ra de Lyon\u00a0\u00bb _builder_version=\u00a0\u00bb3.19.18&Prime;][et_pb_column type=\u00a0\u00bb4_4&Prime; _builder_version=\u00a0\u00bb3.19.18&Prime;][et_pb_text admin_label=\u00a0\u00bbVid\u00e9o &#8211; Broadway Station Op\u00e9ra de Lyon\u00a0\u00bb _builder_version=\u00a0\u00bb3.19.18&Prime; text_font=\u00a0\u00bb||||||||\u00a0\u00bb text_orientation=\u00a0\u00bbcenter\u00a0\u00bb]<\/p>\n<p><iframe width=\"1080\" height=\"608\" src=\"https:\/\/www.youtube.com\/embed\/AiWPUZdi_jA?feature=oembed\" frameborder=\"0\" allow=\"accelerometer; autoplay; encrypted-media; gyroscope; picture-in-picture\" allowfullscreen><\/iframe><\/p>\n<p>[\/et_pb_text][\/et_pb_column][\/et_pb_row][\/et_pb_section][et_pb_section fb_built=\u00a0\u00bb1&Prime; admin_label=\u00a0\u00bbBloc Footer\u00a0\u00bb module_class=\u00a0\u00bbfooter\u00a0\u00bb _builder_version=\u00a0\u00bb3.19.18&Prime; background_color=\u00a0\u00bb#222222&Prime; custom_padding=\u00a0\u00bb30px|0px|30px|0px|false|false\u00a0\u00bb global_module=\u00a0\u00bb733&Prime; saved_tabs=\u00a0\u00bball\u00a0\u00bb][et_pb_row make_fullwidth=\u00a0\u00bbon\u00a0\u00bb use_custom_gutter=\u00a0\u00bbon\u00a0\u00bb gutter_width=\u00a0\u00bb1&Prime; custom_padding=\u00a0\u00bb0px|50px|0px|50px|false|false\u00a0\u00bb module_class_2=\u00a0\u00bbmid_column\u00a0\u00bb module_class_3=\u00a0\u00bbright_column\u00a0\u00bb admin_label=\u00a0\u00bbFooter\u00a0\u00bb _builder_version=\u00a0\u00bb3.19.18&Prime; custom_css_main_element=\u00a0\u00bbdisplay:flex\u00a0\u00bb][et_pb_column type=\u00a0\u00bb1_4&Prime; _builder_version=\u00a0\u00bb3.19.13&Prime;][et_pb_text admin_label=\u00a0\u00bbNavigation &#8211; Accueil\u00a0\u00bb _builder_version=\u00a0\u00bb3.19.18&Prime; text_font=\u00a0\u00bb||||||||\u00a0\u00bb header_font=\u00a0\u00bb||||||||\u00a0\u00bb text_orientation=\u00a0\u00bbcenter\u00a0\u00bb link_option_url=\u00a0\u00bbhttps:\/\/broadway-station.com\/\u00a0\u00bb]<\/p>\n<p>Accueil<\/p>\n<p>[\/et_pb_text][et_pb_text admin_label=\u00a0\u00bbNavigation &#8211; Broadway Station\u00a0\u00bb _builder_version=\u00a0\u00bb3.19.18&Prime; text_font=\u00a0\u00bb||||||||\u00a0\u00bb header_font=\u00a0\u00bb||||||||\u00a0\u00bb header_text_align=\u00a0\u00bbcenter\u00a0\u00bb text_orientation=\u00a0\u00bbcenter\u00a0\u00bb link_option_url=\u00a0\u00bbhttps:\/\/broadway-station.com\/broadway-station\/\u00a0\u00bb]<\/p>\n<p>Broadwway Station<\/p>\n<p>[\/et_pb_text][et_pb_text admin_label=\u00a0\u00bbNavigation &#8211; Notre spectacle\u00a0\u00bb _builder_version=\u00a0\u00bb3.20.1&Prime; text_font=\u00a0\u00bb||||||||\u00a0\u00bb text_orientation=\u00a0\u00bbcenter\u00a0\u00bb link_option_url=\u00a0\u00bbhttps:\/\/broadway-station.com\/so-streisand-so-sinatra\/\u00a0\u00bb]<\/p>\n<p>Notre spectacle<\/p>\n<p>[\/et_pb_text][et_pb_text admin_label=\u00a0\u00bbNavigation &#8211; Concert\u00a0\u00bb module_class=\u00a0\u00bblien_menu\u00a0\u00bb _builder_version=\u00a0\u00bb3.20.1&Prime; text_font=\u00a0\u00bb||||||||\u00a0\u00bb text_text_color=\u00a0\u00bb#666666&Prime; text_orientation=\u00a0\u00bbcenter\u00a0\u00bb custom_margin=\u00a0\u00bb0px||0px||false\u00a0\u00bb custom_css_main_element=\u00a0\u00bbcolor: #222222;||white-space:nowrap;\u00a0\u00bb]<\/p>\n<p><a href=\"https:\/\/broadway-station.com\/tribute-to-barbra-streisand\/\">Tribute<\/a> &#8211; <a href=\"https:\/\/broadway-station.com\/so-jazz\/\">So Jazz<\/a> &#8211; <a href=\"https:\/\/broadway-station.com\/so-in-love\/\">So In Love<\/a> &#8211; <a href=\"https:\/\/broadway-station.com\/repertoire\/\">R\u00e9pertoire<\/a><\/p>\n<p>[\/et_pb_text][et_pb_text admin_label=\u00a0\u00bbNavigation &#8211; M\u00e9dias\u00a0\u00bb module_class=\u00a0\u00bblien_menu\u00a0\u00bb _builder_version=\u00a0\u00bb3.20.1&Prime; text_font=\u00a0\u00bb||||||||\u00a0\u00bb text_text_color=\u00a0\u00bb#666&Prime; text_orientation=\u00a0\u00bbcenter\u00a0\u00bb custom_css_main_element=\u00a0\u00bbwhite-space:nowrap;\u00a0\u00bb]<\/p>\n<p><a href=\"https:\/\/broadway-station.com\/albums\/\">Albums<\/a> &#8211; <a href=\"https:\/\/broadway-station.com\/musiques\/\">Musiques<\/a> &#8211; <a href=\"https:\/\/broadway-station.com\/videos\/\">Vid\u00e9os<\/a><\/p>\n<p>[\/et_pb_text][et_pb_text admin_label=\u00a0\u00bbNavigation &#8211; Contact\u00a0\u00bb _builder_version=\u00a0\u00bb3.19.18&Prime; text_font=\u00a0\u00bb||||||||\u00a0\u00bb text_orientation=\u00a0\u00bbcenter\u00a0\u00bb link_option_url=\u00a0\u00bbhttps:\/\/broadway-station.com\/contact\/\u00a0\u00bb]<\/p>\n<p>Contact<\/p>\n<p>[\/et_pb_text][\/et_pb_column][et_pb_column type=\u00a0\u00bb1_4&Prime; _builder_version=\u00a0\u00bb3.19.13&Prime;][et_pb_image src=\u00a0\u00bbhttps:\/\/broadway-station.com\/wp-content\/uploads\/2019\/03\/facebook.png\u00a0\u00bb alt=\u00a0\u00bbFacebook\u00a0\u00bb title_text=\u00a0\u00bbFacebook\u00a0\u00bb url=\u00a0\u00bbhttps:\/\/www.facebook.com\/broadwaystationjazz\/\u00a0\u00bb align=\u00a0\u00bbcenter\u00a0\u00bb admin_label=\u00a0\u00bbImage &#8211; RS &#8211; Facebook\u00a0\u00bb _builder_version=\u00a0\u00bb3.20.1&Prime; max_width=\u00a0\u00bb10%\u00a0\u00bb custom_margin=\u00a0\u00bb10px||10px||true\u00a0\u00bb][\/et_pb_image][et_pb_image src=\u00a0\u00bbhttps:\/\/broadway-station.com\/wp-content\/uploads\/2019\/02\/youtube-1.png\u00a0\u00bb alt=\u00a0\u00bbyoutube\u00a0\u00bb title_text=\u00a0\u00bbyoutube\u00a0\u00bb url=\u00a0\u00bbhttps:\/\/www.youtube.com\/channel\/UCf41ARpOROv3JC9edfKSf6g\u00a0\u00bb align=\u00a0\u00bbcenter\u00a0\u00bb admin_label=\u00a0\u00bbImage &#8211; RS &#8211; Youtube\u00a0\u00bb _builder_version=\u00a0\u00bb3.19.18&Prime; max_width=\u00a0\u00bb10%\u00a0\u00bb][\/et_pb_image][et_pb_image src=\u00a0\u00bbhttps:\/\/broadway-station.com\/wp-content\/uploads\/2019\/02\/soundcloud.png\u00a0\u00bb alt=\u00a0\u00bbsoundcloud\u00a0\u00bb title_text=\u00a0\u00bbsoundcloud\u00a0\u00bb url=\u00a0\u00bbhttps:\/\/soundcloud.com\/user-719868135&Prime; align=\u00a0\u00bbcenter\u00a0\u00bb admin_label=\u00a0\u00bbImage &#8211; RS &#8211; Soundcloud\u00a0\u00bb _builder_version=\u00a0\u00bb3.19.18&Prime; max_width=\u00a0\u00bb10%\u00a0\u00bb][\/et_pb_image][et_pb_image src=\u00a0\u00bbhttps:\/\/broadway-station.com\/wp-content\/uploads\/2019\/02\/instagram-1.png\u00a0\u00bb alt=\u00a0\u00bbinstagram\u00a0\u00bb title_text=\u00a0\u00bbinstagram\u00a0\u00bb url=\u00a0\u00bbhttps:\/\/www.instagram.com\/broadway_station\/\u00a0\u00bb align=\u00a0\u00bbcenter\u00a0\u00bb admin_label=\u00a0\u00bbImage &#8211; RS &#8211; instagram\u00a0\u00bb _builder_version=\u00a0\u00bb3.19.18&Prime; max_width=\u00a0\u00bb10%\u00a0\u00bb][\/et_pb_image][\/et_pb_column][et_pb_column type=\u00a0\u00bb1_4&Prime; _builder_version=\u00a0\u00bb3.19.13&Prime;][et_pb_text admin_label=\u00a0\u00bbTexte &#8211; Bloc contact\u00a0\u00bb _builder_version=\u00a0\u00bb3.20.1&Prime; text_font=\u00a0\u00bb||||||||\u00a0\u00bb text_text_color=\u00a0\u00bb#dd4b12&Prime; text_line_height=\u00a0\u00bb0.5em\u00a0\u00bb header_font=\u00a0\u00bb||||||||\u00a0\u00bb custom_margin=\u00a0\u00bb10px||10px||true\u00a0\u00bb custom_css_main_element=\u00a0\u00bbmargin:auto;||white-space:nowrap;\u00a0\u00bb]<\/p>\n<p style=\"text-align: left;\">Contact<\/p>\n<p>Ensemble Broadway Station<\/p>\n<p>T\u00e9l : +33 6 13 92 91 14<\/p>\n<p>Mail : contact@broadway-station.com<span style=\"font-size: 12px;\">\u00a0<\/span><\/p>\n<p>[\/et_pb_text][\/et_pb_column][et_pb_column type=\u00a0\u00bb1_4&Prime; _builder_version=\u00a0\u00bb3.19.13&Prime;][et_pb_image src=\u00a0\u00bbhttps:\/\/broadway-station.com\/wp-content\/uploads\/2019\/02\/logo-version-blanche.png\u00a0\u00bb alt=\u00a0\u00bbLogo version Blanche\u00a0\u00bb title_text=\u00a0\u00bbLogo version Blanche\u00a0\u00bb admin_label=\u00a0\u00bbImage &#8211; Logo\u00a0\u00bb _builder_version=\u00a0\u00bb3.20.1&Prime; max_width=\u00a0\u00bb75%\u00a0\u00bb module_alignment=\u00a0\u00bbcenter\u00a0\u00bb custom_margin=\u00a0\u00bb10px||10px||true\u00a0\u00bb][\/et_pb_image][\/et_pb_column][\/et_pb_row][\/et_pb_section]<\/p>\n","protected":false},"excerpt":{"rendered":"<p>L&rsquo;ensemble Broadway StationInterview de St\u00e9phanie Morales, directrice artistique de Broadway StationPourquoi ENSEMBLE ?L\u2019Ensemble Broadway Station est le fruit de belles rencontres, musicales mais aussi humaines. Depuis sa cr\u00e9ation en 2013, nous avons accueilli des artistes de talent mais avant tout des personnalit\u00e9s aux univers riches et vari\u00e9s, qui ont contribu\u00e9 au succ\u00e8s de l&rsquo;ensemble. A [&hellip;]<\/p>\n","protected":false},"author":1,"featured_media":0,"parent":0,"menu_order":0,"comment_status":"closed","ping_status":"closed","template":"","meta":{"_et_pb_use_builder":"on","_et_pb_old_content":"","_et_gb_content_width":"","footnotes":""},"class_list":["post-1752","page","type-page","status-publish","hentry"],"yoast_head":"<!-- This site is optimized with the Yoast SEO plugin v26.8 - https:\/\/yoast.com\/product\/yoast-seo-wordpress\/ -->\n<title>Groupe de Jazz Lyon - Ensemble Broadway Station<\/title>\n<meta name=\"description\" content=\"D\u00e9couvrez l&#039;histoire de l&#039;ensemble Broadway Station et entrez dans l&#039;univers des chanteurs et musiciens du groupe de Jazz \u00e0 Lyon.\" \/>\n<meta name=\"robots\" content=\"index, follow, max-snippet:-1, max-image-preview:large, max-video-preview:-1\" \/>\n<link rel=\"canonical\" href=\"https:\/\/broadway-station.com\/?page_id=1752\" \/>\n<meta property=\"og:locale\" content=\"fr_FR\" \/>\n<meta property=\"og:type\" content=\"article\" \/>\n<meta property=\"og:title\" content=\"Groupe de Jazz Lyon - Ensemble Broadway Station\" \/>\n<meta property=\"og:description\" content=\"D\u00e9couvrez l&#039;histoire de l&#039;ensemble Broadway Station et entrez dans l&#039;univers des chanteurs et musiciens du groupe de Jazz \u00e0 Lyon.\" \/>\n<meta property=\"og:url\" content=\"https:\/\/broadway-station.com\/?page_id=1752\" \/>\n<meta property=\"og:site_name\" content=\"Broadway Station\" \/>\n<meta property=\"article:publisher\" content=\"https:\/\/www.facebook.com\/broadwaystationjazz\/\" \/>\n<meta property=\"article:modified_time\" content=\"2019-03-13T11:48:31+00:00\" \/>\n<meta name=\"twitter:card\" content=\"summary_large_image\" \/>\n<meta name=\"twitter:label1\" content=\"Dur\u00e9e de lecture estim\u00e9e\" \/>\n\t<meta name=\"twitter:data1\" content=\"7 minutes\" \/>\n<script type=\"application\/ld+json\" class=\"yoast-schema-graph\">{\"@context\":\"https:\/\/schema.org\",\"@graph\":[{\"@type\":\"WebPage\",\"@id\":\"https:\/\/broadway-station.com\/?page_id=1752\",\"url\":\"https:\/\/broadway-station.com\/?page_id=1752\",\"name\":\"Groupe de Jazz Lyon - Ensemble Broadway Station\",\"isPartOf\":{\"@id\":\"https:\/\/broadway-station.com\/#website\"},\"datePublished\":\"2019-03-09T15:21:40+00:00\",\"dateModified\":\"2019-03-13T11:48:31+00:00\",\"description\":\"D\u00e9couvrez l'histoire de l'ensemble Broadway Station et entrez dans l'univers des chanteurs et musiciens du groupe de Jazz \u00e0 Lyon.\",\"breadcrumb\":{\"@id\":\"https:\/\/broadway-station.com\/?page_id=1752#breadcrumb\"},\"inLanguage\":\"fr-FR\",\"potentialAction\":[{\"@type\":\"ReadAction\",\"target\":[\"https:\/\/broadway-station.com\/?page_id=1752\"]}]},{\"@type\":\"BreadcrumbList\",\"@id\":\"https:\/\/broadway-station.com\/?page_id=1752#breadcrumb\",\"itemListElement\":[{\"@type\":\"ListItem\",\"position\":1,\"name\":\"Accueil\",\"item\":\"https:\/\/broadway-station.com\/\"},{\"@type\":\"ListItem\",\"position\":2,\"name\":\"Pr\u00e9sentation\"}]},{\"@type\":\"WebSite\",\"@id\":\"https:\/\/broadway-station.com\/#website\",\"url\":\"https:\/\/broadway-station.com\/\",\"name\":\"Broadway Station\",\"description\":\"\",\"potentialAction\":[{\"@type\":\"SearchAction\",\"target\":{\"@type\":\"EntryPoint\",\"urlTemplate\":\"https:\/\/broadway-station.com\/?s={search_term_string}\"},\"query-input\":{\"@type\":\"PropertyValueSpecification\",\"valueRequired\":true,\"valueName\":\"search_term_string\"}}],\"inLanguage\":\"fr-FR\"}]}<\/script>\n<!-- \/ Yoast SEO plugin. -->","yoast_head_json":{"title":"Groupe de Jazz Lyon - Ensemble Broadway Station","description":"D\u00e9couvrez l'histoire de l'ensemble Broadway Station et entrez dans l'univers des chanteurs et musiciens du groupe de Jazz \u00e0 Lyon.","robots":{"index":"index","follow":"follow","max-snippet":"max-snippet:-1","max-image-preview":"max-image-preview:large","max-video-preview":"max-video-preview:-1"},"canonical":"https:\/\/broadway-station.com\/?page_id=1752","og_locale":"fr_FR","og_type":"article","og_title":"Groupe de Jazz Lyon - Ensemble Broadway Station","og_description":"D\u00e9couvrez l'histoire de l'ensemble Broadway Station et entrez dans l'univers des chanteurs et musiciens du groupe de Jazz \u00e0 Lyon.","og_url":"https:\/\/broadway-station.com\/?page_id=1752","og_site_name":"Broadway Station","article_publisher":"https:\/\/www.facebook.com\/broadwaystationjazz\/","article_modified_time":"2019-03-13T11:48:31+00:00","twitter_card":"summary_large_image","twitter_misc":{"Dur\u00e9e de lecture estim\u00e9e":"7 minutes"},"schema":{"@context":"https:\/\/schema.org","@graph":[{"@type":"WebPage","@id":"https:\/\/broadway-station.com\/?page_id=1752","url":"https:\/\/broadway-station.com\/?page_id=1752","name":"Groupe de Jazz Lyon - Ensemble Broadway Station","isPartOf":{"@id":"https:\/\/broadway-station.com\/#website"},"datePublished":"2019-03-09T15:21:40+00:00","dateModified":"2019-03-13T11:48:31+00:00","description":"D\u00e9couvrez l'histoire de l'ensemble Broadway Station et entrez dans l'univers des chanteurs et musiciens du groupe de Jazz \u00e0 Lyon.","breadcrumb":{"@id":"https:\/\/broadway-station.com\/?page_id=1752#breadcrumb"},"inLanguage":"fr-FR","potentialAction":[{"@type":"ReadAction","target":["https:\/\/broadway-station.com\/?page_id=1752"]}]},{"@type":"BreadcrumbList","@id":"https:\/\/broadway-station.com\/?page_id=1752#breadcrumb","itemListElement":[{"@type":"ListItem","position":1,"name":"Accueil","item":"https:\/\/broadway-station.com\/"},{"@type":"ListItem","position":2,"name":"Pr\u00e9sentation"}]},{"@type":"WebSite","@id":"https:\/\/broadway-station.com\/#website","url":"https:\/\/broadway-station.com\/","name":"Broadway Station","description":"","potentialAction":[{"@type":"SearchAction","target":{"@type":"EntryPoint","urlTemplate":"https:\/\/broadway-station.com\/?s={search_term_string}"},"query-input":{"@type":"PropertyValueSpecification","valueRequired":true,"valueName":"search_term_string"}}],"inLanguage":"fr-FR"}]}},"_links":{"self":[{"href":"https:\/\/broadway-station.com\/index.php?rest_route=\/wp\/v2\/pages\/1752","targetHints":{"allow":["GET"]}}],"collection":[{"href":"https:\/\/broadway-station.com\/index.php?rest_route=\/wp\/v2\/pages"}],"about":[{"href":"https:\/\/broadway-station.com\/index.php?rest_route=\/wp\/v2\/types\/page"}],"author":[{"embeddable":true,"href":"https:\/\/broadway-station.com\/index.php?rest_route=\/wp\/v2\/users\/1"}],"replies":[{"embeddable":true,"href":"https:\/\/broadway-station.com\/index.php?rest_route=%2Fwp%2Fv2%2Fcomments&post=1752"}],"version-history":[{"count":17,"href":"https:\/\/broadway-station.com\/index.php?rest_route=\/wp\/v2\/pages\/1752\/revisions"}],"predecessor-version":[{"id":2281,"href":"https:\/\/broadway-station.com\/index.php?rest_route=\/wp\/v2\/pages\/1752\/revisions\/2281"}],"wp:attachment":[{"href":"https:\/\/broadway-station.com\/index.php?rest_route=%2Fwp%2Fv2%2Fmedia&parent=1752"}],"curies":[{"name":"wp","href":"https:\/\/api.w.org\/{rel}","templated":true}]}}