{"id":1508,"date":"2019-03-08T14:56:18","date_gmt":"2019-03-08T13:56:18","guid":{"rendered":"https:\/\/broadway-station.com\/?page_id=1508"},"modified":"2019-03-13T13:01:22","modified_gmt":"2019-03-13T12:01:22","slug":"videos","status":"publish","type":"page","link":"https:\/\/broadway-station.com\/?page_id=1508","title":{"rendered":"Vid\u00e9os"},"content":{"rendered":"<p>[et_pb_section fb_built=\u00a0\u00bb1&Prime; admin_label=\u00a0\u00bbContenu page &#8211; Vid\u00e9os\u00a0\u00bb _builder_version=\u00a0\u00bb3.19.18&Prime; custom_padding=\u00a0\u00bb0|0px|0|0px|false|false\u00a0\u00bb][et_pb_row custom_padding=\u00a0\u00bb30px|0px|50px|0px|false|false\u00a0\u00bb admin_label=\u00a0\u00bbSection titre &#8211; Vid\u00e9os\u00a0\u00bb _builder_version=\u00a0\u00bb3.19.18&Prime; module_alignment=\u00a0\u00bbcenter\u00a0\u00bb custom_css_main_element=\u00a0\u00bbtext-align:center;\u00a0\u00bb][et_pb_column type=\u00a0\u00bb4_4&Prime; _builder_version=\u00a0\u00bb3.19.18&Prime;][et_pb_text admin_label=\u00a0\u00bbTitre &#8211; Vid\u00e9os\u00a0\u00bb _builder_version=\u00a0\u00bb3.20.1&Prime; text_font=\u00a0\u00bbLemonMilk|500|||||||\u00a0\u00bb text_text_color=\u00a0\u00bb#222222&Prime; text_font_size=\u00a0\u00bb35px\u00a0\u00bb text_letter_spacing=\u00a0\u00bb3px\u00a0\u00bb text_line_height=\u00a0\u00bb1em\u00a0\u00bb header_font=\u00a0\u00bbLemonMilk|500|||||||\u00a0\u00bb header_text_align=\u00a0\u00bbcenter\u00a0\u00bb header_text_color=\u00a0\u00bb#000000&Prime; background_image=\u00a0\u00bbhttps:\/\/broadway-station.com\/wp-content\/uploads\/2019\/03\/encart-vid\u00e9os.png\u00a0\u00bb custom_padding=\u00a0\u00bb60px|2vw|16px|5vw|false|false\u00a0\u00bb hover_enabled=\u00a0\u00bb0&Prime; custom_css_main_element=\u00a0\u00bbdisplay:inline-block;||background-size:contain;\u00a0\u00bb header_font_size_last_edited=\u00a0\u00bbon|phone\u00a0\u00bb header_font_size_tablet=\u00a0\u00bb30px\u00a0\u00bb header_font_size_phone=\u00a0\u00bb17px\u00a0\u00bb custom_padding_last_edited=\u00a0\u00bbon|phone\u00a0\u00bb custom_padding_tablet=\u00a0\u00bb||4vh|\u00a0\u00bb custom_padding_phone=\u00a0\u00bb||5vh\u00a0\u00bb]<\/p>\n<h1>Vid\u00e9os<\/h1>\n<p>[\/et_pb_text][\/et_pb_column][\/et_pb_row][et_pb_row make_fullwidth=\u00a0\u00bbon\u00a0\u00bb custom_padding=\u00a0\u00bb0|0px|23.6875px|0px|false|false\u00a0\u00bb admin_label=\u00a0\u00bbSection- Contenu vid\u00e9os\u00a0\u00bb _builder_version=\u00a0\u00bb3.19.18&Prime;][et_pb_column type=\u00a0\u00bb1_3&Prime; _builder_version=\u00a0\u00bb3.19.18&Prime;][et_pb_code admin_label=\u00a0\u00bbLien &#8211; So Streisand , so Sinatra\u00a0\u00bb _builder_version=\u00a0\u00bb3.19.18&Prime;]<iframe width=\"560\" height=\"315\" src=\"https:\/\/www.youtube.com\/embed\/vxfSq0VdY88\" frameborder=\"0\" allow=\"accelerometer; autoplay; encrypted-media; gyroscope; picture-in-picture\" allowfullscreen><\/iframe>[\/et_pb_code][et_pb_code admin_label=\u00a0\u00bbLien &#8211; Teaser 2013&Prime; _builder_version=\u00a0\u00bb3.19.18&Prime;]<iframe width=\"560\" height=\"315\" src=\"https:\/\/www.youtube.com\/embed\/XgMTxW0rQG8\" frameborder=\"0\" allow=\"accelerometer; autoplay; encrypted-media; gyroscope; picture-in-picture\" allowfullscreen><\/iframe>[\/et_pb_code][et_pb_code admin_label=\u00a0\u00bbLien &#8211; Broadway Station Op\u00e9ra de Lyon\u00a0\u00bb _builder_version=\u00a0\u00bb3.19.18&Prime;]<iframe width=\"560\" height=\"315\" src=\"https:\/\/www.youtube.com\/embed\/AiWPUZdi_jA\" frameborder=\"0\" allow=\"accelerometer; autoplay; encrypted-media; gyroscope; picture-in-picture\" allowfullscreen><\/iframe>[\/et_pb_code][et_pb_code admin_label=\u00a0\u00bbLien &#8211; The way he makes me feel\u00a0\u00bb _builder_version=\u00a0\u00bb3.19.18&Prime;]<iframe width=\"560\" height=\"315\" src=\"https:\/\/www.youtube.com\/embed\/Gy1ZBMIvRCA\" frameborder=\"0\" allow=\"accelerometer; autoplay; encrypted-media; gyroscope; picture-in-picture\" allowfullscreen><\/iframe>[\/et_pb_code][\/et_pb_column][et_pb_column type=\u00a0\u00bb1_3&Prime; _builder_version=\u00a0\u00bb3.19.18&Prime;][et_pb_code admin_label=\u00a0\u00bbLien &#8211; So Streisand, so Sinatra teaser\u00a0\u00bb _builder_version=\u00a0\u00bb3.19.18&Prime;]<iframe width=\"560\" height=\"315\" src=\"https:\/\/www.youtube.com\/embed\/tDN4at2vzjQ\" frameborder=\"0\" allow=\"accelerometer; autoplay; encrypted-media; gyroscope; picture-in-picture\" allowfullscreen><\/iframe>[\/et_pb_code][et_pb_code admin_label=\u00a0\u00bbLien &#8211; Cheek to cheek\u00a0\u00bb _builder_version=\u00a0\u00bb3.19.18&Prime;]<iframe width=\"560\" height=\"315\" src=\"https:\/\/www.youtube.com\/embed\/ut-A8ggu_-8\" frameborder=\"0\" allow=\"accelerometer; autoplay; encrypted-media; gyroscope; picture-in-picture\" allowfullscreen><\/iframe>[\/et_pb_code][et_pb_code admin_label=\u00a0\u00bbLien &#8211; Don&rsquo;t rain on my parade\u00a0\u00bb _builder_version=\u00a0\u00bb3.19.18&Prime;]<iframe width=\"560\" height=\"315\" src=\"https:\/\/www.youtube.com\/embed\/MKCZ3DbhlWk\" frameborder=\"0\" allow=\"accelerometer; autoplay; encrypted-media; gyroscope; picture-in-picture\" allowfullscreen><\/iframe>[\/et_pb_code][et_pb_code admin_label=\u00a0\u00bbLien &#8211; Bewitched\u00a0\u00bb _builder_version=\u00a0\u00bb3.19.18&Prime;]<iframe width=\"560\" height=\"315\" src=\"https:\/\/www.youtube.com\/embed\/JN9im5G83Mg\" frameborder=\"0\" allow=\"accelerometer; autoplay; encrypted-media; gyroscope; picture-in-picture\" allowfullscreen><\/iframe>[\/et_pb_code][\/et_pb_column][et_pb_column type=\u00a0\u00bb1_3&Prime; _builder_version=\u00a0\u00bb3.19.18&Prime;][et_pb_code admin_label=\u00a0\u00bbLien &#8211; Over the rainbow\u00a0\u00bb _builder_version=\u00a0\u00bb3.19.18&Prime;]<iframe width=\"560\" height=\"315\" src=\"https:\/\/www.youtube.com\/embed\/QClIDRFaUQg\" frameborder=\"0\" allow=\"accelerometer; autoplay; encrypted-media; gyroscope; picture-in-picture\" allowfullscreen><\/iframe>[\/et_pb_code][et_pb_code admin_label=\u00a0\u00bbLien &#8211; The way you look tonight\u00a0\u00bb _builder_version=\u00a0\u00bb3.19.18&Prime;]<iframe width=\"560\" height=\"315\" src=\"https:\/\/www.youtube.com\/embed\/eyamRPdqncg\" frameborder=\"0\" allow=\"accelerometer; autoplay; encrypted-media; gyroscope; picture-in-picture\" allowfullscreen><\/iframe>[\/et_pb_code][et_pb_code admin_label=\u00a0\u00bbLien &#8211; Broadway Station live\u00a0\u00bb _builder_version=\u00a0\u00bb3.19.18&Prime;]<iframe width=\"560\" height=\"315\" src=\"https:\/\/www.youtube.com\/embed\/KQazOE4XyA0\" frameborder=\"0\" allow=\"accelerometer; autoplay; encrypted-media; gyroscope; picture-in-picture\" allowfullscreen><\/iframe>[\/et_pb_code][\/et_pb_column][\/et_pb_row][\/et_pb_section][et_pb_section fb_built=\u00a0\u00bb1&Prime; admin_label=\u00a0\u00bbBloc Footer\u00a0\u00bb module_class=\u00a0\u00bbfooter\u00a0\u00bb _builder_version=\u00a0\u00bb3.19.18&Prime; background_color=\u00a0\u00bb#222222&Prime; custom_padding=\u00a0\u00bb30px|0px|30px|0px|false|false\u00a0\u00bb global_module=\u00a0\u00bb733&Prime; saved_tabs=\u00a0\u00bball\u00a0\u00bb][et_pb_row make_fullwidth=\u00a0\u00bbon\u00a0\u00bb use_custom_gutter=\u00a0\u00bbon\u00a0\u00bb gutter_width=\u00a0\u00bb1&Prime; custom_padding=\u00a0\u00bb0px|50px|0px|50px|false|false\u00a0\u00bb module_class_2=\u00a0\u00bbmid_column\u00a0\u00bb module_class_3=\u00a0\u00bbright_column\u00a0\u00bb admin_label=\u00a0\u00bbFooter\u00a0\u00bb _builder_version=\u00a0\u00bb3.19.18&Prime; custom_css_main_element=\u00a0\u00bbdisplay:flex\u00a0\u00bb][et_pb_column type=\u00a0\u00bb1_4&Prime; _builder_version=\u00a0\u00bb3.19.13&Prime;][et_pb_text admin_label=\u00a0\u00bbNavigation &#8211; Accueil\u00a0\u00bb _builder_version=\u00a0\u00bb3.19.18&Prime; text_font=\u00a0\u00bb||||||||\u00a0\u00bb header_font=\u00a0\u00bb||||||||\u00a0\u00bb text_orientation=\u00a0\u00bbcenter\u00a0\u00bb link_option_url=\u00a0\u00bbhttps:\/\/broadway-station.com\/\u00a0\u00bb]<\/p>\n<p>Accueil<\/p>\n<p>[\/et_pb_text][et_pb_text admin_label=\u00a0\u00bbNavigation &#8211; Broadway Station\u00a0\u00bb _builder_version=\u00a0\u00bb3.19.18&Prime; text_font=\u00a0\u00bb||||||||\u00a0\u00bb header_font=\u00a0\u00bb||||||||\u00a0\u00bb header_text_align=\u00a0\u00bbcenter\u00a0\u00bb text_orientation=\u00a0\u00bbcenter\u00a0\u00bb link_option_url=\u00a0\u00bbhttps:\/\/broadway-station.com\/broadway-station\/\u00a0\u00bb]<\/p>\n<p>Broadwway Station<\/p>\n<p>[\/et_pb_text][et_pb_text admin_label=\u00a0\u00bbNavigation &#8211; Notre spectacle\u00a0\u00bb _builder_version=\u00a0\u00bb3.20.1&Prime; text_font=\u00a0\u00bb||||||||\u00a0\u00bb text_orientation=\u00a0\u00bbcenter\u00a0\u00bb link_option_url=\u00a0\u00bbhttps:\/\/broadway-station.com\/so-streisand-so-sinatra\/\u00a0\u00bb]<\/p>\n<p>Notre spectacle<\/p>\n<p>[\/et_pb_text][et_pb_text admin_label=\u00a0\u00bbNavigation &#8211; Concert\u00a0\u00bb module_class=\u00a0\u00bblien_menu\u00a0\u00bb _builder_version=\u00a0\u00bb3.20.1&Prime; text_font=\u00a0\u00bb||||||||\u00a0\u00bb text_text_color=\u00a0\u00bb#666666&Prime; text_orientation=\u00a0\u00bbcenter\u00a0\u00bb custom_margin=\u00a0\u00bb0px||0px||false\u00a0\u00bb custom_css_main_element=\u00a0\u00bbcolor: #222222;||white-space:nowrap;\u00a0\u00bb]<\/p>\n<p><a href=\"https:\/\/broadway-station.com\/tribute-to-barbra-streisand\/\">Tribute<\/a> &#8211; <a href=\"https:\/\/broadway-station.com\/so-jazz\/\">So Jazz<\/a> &#8211; <a href=\"https:\/\/broadway-station.com\/so-in-love\/\">So In Love<\/a> &#8211; <a href=\"https:\/\/broadway-station.com\/repertoire\/\">R\u00e9pertoire<\/a><\/p>\n<p>[\/et_pb_text][et_pb_text admin_label=\u00a0\u00bbNavigation &#8211; M\u00e9dias\u00a0\u00bb module_class=\u00a0\u00bblien_menu\u00a0\u00bb _builder_version=\u00a0\u00bb3.20.1&Prime; text_font=\u00a0\u00bb||||||||\u00a0\u00bb text_text_color=\u00a0\u00bb#666&Prime; text_orientation=\u00a0\u00bbcenter\u00a0\u00bb custom_css_main_element=\u00a0\u00bbwhite-space:nowrap;\u00a0\u00bb]<\/p>\n<p><a href=\"https:\/\/broadway-station.com\/albums\/\">Albums<\/a> &#8211; <a href=\"https:\/\/broadway-station.com\/musiques\/\">Musiques<\/a> &#8211; <a href=\"https:\/\/broadway-station.com\/videos\/\">Vid\u00e9os<\/a><\/p>\n<p>[\/et_pb_text][et_pb_text admin_label=\u00a0\u00bbNavigation &#8211; Contact\u00a0\u00bb _builder_version=\u00a0\u00bb3.19.18&Prime; text_font=\u00a0\u00bb||||||||\u00a0\u00bb text_orientation=\u00a0\u00bbcenter\u00a0\u00bb link_option_url=\u00a0\u00bbhttps:\/\/broadway-station.com\/contact\/\u00a0\u00bb]<\/p>\n<p>Contact<\/p>\n<p>[\/et_pb_text][\/et_pb_column][et_pb_column type=\u00a0\u00bb1_4&Prime; _builder_version=\u00a0\u00bb3.19.13&Prime;][et_pb_image src=\u00a0\u00bbhttps:\/\/broadway-station.com\/wp-content\/uploads\/2019\/03\/facebook.png\u00a0\u00bb alt=\u00a0\u00bbFacebook\u00a0\u00bb title_text=\u00a0\u00bbFacebook\u00a0\u00bb url=\u00a0\u00bbhttps:\/\/www.facebook.com\/broadwaystationjazz\/\u00a0\u00bb align=\u00a0\u00bbcenter\u00a0\u00bb admin_label=\u00a0\u00bbImage &#8211; RS &#8211; Facebook\u00a0\u00bb _builder_version=\u00a0\u00bb3.20.1&Prime; max_width=\u00a0\u00bb10%\u00a0\u00bb custom_margin=\u00a0\u00bb10px||10px||true\u00a0\u00bb][\/et_pb_image][et_pb_image src=\u00a0\u00bbhttps:\/\/broadway-station.com\/wp-content\/uploads\/2019\/02\/youtube-1.png\u00a0\u00bb alt=\u00a0\u00bbyoutube\u00a0\u00bb title_text=\u00a0\u00bbyoutube\u00a0\u00bb url=\u00a0\u00bbhttps:\/\/www.youtube.com\/channel\/UCf41ARpOROv3JC9edfKSf6g\u00a0\u00bb align=\u00a0\u00bbcenter\u00a0\u00bb admin_label=\u00a0\u00bbImage &#8211; RS &#8211; Youtube\u00a0\u00bb _builder_version=\u00a0\u00bb3.19.18&Prime; max_width=\u00a0\u00bb10%\u00a0\u00bb][\/et_pb_image][et_pb_image src=\u00a0\u00bbhttps:\/\/broadway-station.com\/wp-content\/uploads\/2019\/02\/soundcloud.png\u00a0\u00bb alt=\u00a0\u00bbsoundcloud\u00a0\u00bb title_text=\u00a0\u00bbsoundcloud\u00a0\u00bb url=\u00a0\u00bbhttps:\/\/soundcloud.com\/user-719868135&Prime; align=\u00a0\u00bbcenter\u00a0\u00bb admin_label=\u00a0\u00bbImage &#8211; RS &#8211; Soundcloud\u00a0\u00bb _builder_version=\u00a0\u00bb3.19.18&Prime; max_width=\u00a0\u00bb10%\u00a0\u00bb][\/et_pb_image][et_pb_image src=\u00a0\u00bbhttps:\/\/broadway-station.com\/wp-content\/uploads\/2019\/02\/instagram-1.png\u00a0\u00bb alt=\u00a0\u00bbinstagram\u00a0\u00bb title_text=\u00a0\u00bbinstagram\u00a0\u00bb url=\u00a0\u00bbhttps:\/\/www.instagram.com\/broadway_station\/\u00a0\u00bb align=\u00a0\u00bbcenter\u00a0\u00bb admin_label=\u00a0\u00bbImage &#8211; RS &#8211; instagram\u00a0\u00bb _builder_version=\u00a0\u00bb3.19.18&Prime; max_width=\u00a0\u00bb10%\u00a0\u00bb][\/et_pb_image][\/et_pb_column][et_pb_column type=\u00a0\u00bb1_4&Prime; _builder_version=\u00a0\u00bb3.19.13&Prime;][et_pb_text admin_label=\u00a0\u00bbTexte &#8211; Bloc contact\u00a0\u00bb _builder_version=\u00a0\u00bb3.20.1&Prime; text_font=\u00a0\u00bb||||||||\u00a0\u00bb text_text_color=\u00a0\u00bb#dd4b12&Prime; text_line_height=\u00a0\u00bb0.5em\u00a0\u00bb header_font=\u00a0\u00bb||||||||\u00a0\u00bb custom_margin=\u00a0\u00bb10px||10px||true\u00a0\u00bb custom_css_main_element=\u00a0\u00bbmargin:auto;||white-space:nowrap;\u00a0\u00bb]<\/p>\n<p style=\"text-align: left;\">Contact<\/p>\n<p>Ensemble Broadway Station<\/p>\n<p>T\u00e9l : +33 6 13 92 91 14<\/p>\n<p>Mail : contact@broadway-station.com<span style=\"font-size: 12px;\">\u00a0<\/span><\/p>\n<p>[\/et_pb_text][\/et_pb_column][et_pb_column type=\u00a0\u00bb1_4&Prime; _builder_version=\u00a0\u00bb3.19.13&Prime;][et_pb_image src=\u00a0\u00bbhttps:\/\/broadway-station.com\/wp-content\/uploads\/2019\/02\/logo-version-blanche.png\u00a0\u00bb alt=\u00a0\u00bbLogo version Blanche\u00a0\u00bb title_text=\u00a0\u00bbLogo version Blanche\u00a0\u00bb admin_label=\u00a0\u00bbImage &#8211; Logo\u00a0\u00bb _builder_version=\u00a0\u00bb3.20.1&Prime; max_width=\u00a0\u00bb75%\u00a0\u00bb module_alignment=\u00a0\u00bbcenter\u00a0\u00bb custom_margin=\u00a0\u00bb10px||10px||true\u00a0\u00bb][\/et_pb_image][\/et_pb_column][\/et_pb_row][\/et_pb_section]<\/p>\n","protected":false},"excerpt":{"rendered":"<p>Vid\u00e9os AccueilBroadwway StationNotre spectacleTribute &#8211; So Jazz &#8211; So In Love &#8211; R\u00e9pertoireAlbums &#8211; Musiques &#8211; Vid\u00e9osContactContact Ensemble Broadway Station T\u00e9l : +33 6 13 92 91 14 Mail : contact@broadway-station.com\u00a0<\/p>\n","protected":false},"author":1,"featured_media":0,"parent":0,"menu_order":0,"comment_status":"closed","ping_status":"closed","template":"","meta":{"_et_pb_use_builder":"on","_et_pb_old_content":"","_et_gb_content_width":"","footnotes":""},"class_list":["post-1508","page","type-page","status-publish","hentry"],"yoast_head":"<!-- This site is optimized with the Yoast SEO plugin v26.8 - https:\/\/yoast.com\/product\/yoast-seo-wordpress\/ -->\n<title>Vid\u00e9os Broadway Station, Jazz en images et vid\u00e9os - M\u00e9dias<\/title>\n<meta name=\"description\" content=\"D\u00e9couvrez les vid\u00e9os de Broadway Station au travers de photographies et de vid\u00e9os issues des plus beaux spectacles du groupe de Jazz.\" \/>\n<meta name=\"robots\" content=\"index, follow, max-snippet:-1, max-image-preview:large, max-video-preview:-1\" \/>\n<link rel=\"canonical\" href=\"https:\/\/broadway-station.com\/?page_id=1508\" \/>\n<meta property=\"og:locale\" content=\"fr_FR\" \/>\n<meta property=\"og:type\" content=\"article\" \/>\n<meta property=\"og:title\" content=\"Vid\u00e9os Broadway Station, Jazz en images et vid\u00e9os - M\u00e9dias\" \/>\n<meta property=\"og:description\" content=\"D\u00e9couvrez les vid\u00e9os de Broadway Station au travers de photographies et de vid\u00e9os issues des plus beaux spectacles du groupe de Jazz.\" \/>\n<meta property=\"og:url\" content=\"https:\/\/broadway-station.com\/?page_id=1508\" \/>\n<meta property=\"og:site_name\" content=\"Broadway Station\" \/>\n<meta property=\"article:publisher\" content=\"https:\/\/www.facebook.com\/broadwaystationjazz\/\" \/>\n<meta property=\"article:modified_time\" content=\"2019-03-13T12:01:22+00:00\" \/>\n<meta name=\"twitter:card\" content=\"summary_large_image\" \/>\n<meta name=\"twitter:label1\" content=\"Dur\u00e9e de lecture estim\u00e9e\" \/>\n\t<meta name=\"twitter:data1\" content=\"5 minutes\" \/>\n<script type=\"application\/ld+json\" class=\"yoast-schema-graph\">{\"@context\":\"https:\/\/schema.org\",\"@graph\":[{\"@type\":\"WebPage\",\"@id\":\"https:\/\/broadway-station.com\/?page_id=1508\",\"url\":\"https:\/\/broadway-station.com\/?page_id=1508\",\"name\":\"Vid\u00e9os Broadway Station, Jazz en images et vid\u00e9os - M\u00e9dias\",\"isPartOf\":{\"@id\":\"https:\/\/broadway-station.com\/#website\"},\"datePublished\":\"2019-03-08T13:56:18+00:00\",\"dateModified\":\"2019-03-13T12:01:22+00:00\",\"description\":\"D\u00e9couvrez les vid\u00e9os de Broadway Station au travers de photographies et de vid\u00e9os issues des plus beaux spectacles du groupe de Jazz.\",\"breadcrumb\":{\"@id\":\"https:\/\/broadway-station.com\/?page_id=1508#breadcrumb\"},\"inLanguage\":\"fr-FR\",\"potentialAction\":[{\"@type\":\"ReadAction\",\"target\":[\"https:\/\/broadway-station.com\/?page_id=1508\"]}]},{\"@type\":\"BreadcrumbList\",\"@id\":\"https:\/\/broadway-station.com\/?page_id=1508#breadcrumb\",\"itemListElement\":[{\"@type\":\"ListItem\",\"position\":1,\"name\":\"Accueil\",\"item\":\"https:\/\/broadway-station.com\/\"},{\"@type\":\"ListItem\",\"position\":2,\"name\":\"Vid\u00e9os\"}]},{\"@type\":\"WebSite\",\"@id\":\"https:\/\/broadway-station.com\/#website\",\"url\":\"https:\/\/broadway-station.com\/\",\"name\":\"Broadway Station\",\"description\":\"\",\"potentialAction\":[{\"@type\":\"SearchAction\",\"target\":{\"@type\":\"EntryPoint\",\"urlTemplate\":\"https:\/\/broadway-station.com\/?s={search_term_string}\"},\"query-input\":{\"@type\":\"PropertyValueSpecification\",\"valueRequired\":true,\"valueName\":\"search_term_string\"}}],\"inLanguage\":\"fr-FR\"}]}<\/script>\n<!-- \/ Yoast SEO plugin. -->","yoast_head_json":{"title":"Vid\u00e9os Broadway Station, Jazz en images et vid\u00e9os - M\u00e9dias","description":"D\u00e9couvrez les vid\u00e9os de Broadway Station au travers de photographies et de vid\u00e9os issues des plus beaux spectacles du groupe de Jazz.","robots":{"index":"index","follow":"follow","max-snippet":"max-snippet:-1","max-image-preview":"max-image-preview:large","max-video-preview":"max-video-preview:-1"},"canonical":"https:\/\/broadway-station.com\/?page_id=1508","og_locale":"fr_FR","og_type":"article","og_title":"Vid\u00e9os Broadway Station, Jazz en images et vid\u00e9os - M\u00e9dias","og_description":"D\u00e9couvrez les vid\u00e9os de Broadway Station au travers de photographies et de vid\u00e9os issues des plus beaux spectacles du groupe de Jazz.","og_url":"https:\/\/broadway-station.com\/?page_id=1508","og_site_name":"Broadway Station","article_publisher":"https:\/\/www.facebook.com\/broadwaystationjazz\/","article_modified_time":"2019-03-13T12:01:22+00:00","twitter_card":"summary_large_image","twitter_misc":{"Dur\u00e9e de lecture estim\u00e9e":"5 minutes"},"schema":{"@context":"https:\/\/schema.org","@graph":[{"@type":"WebPage","@id":"https:\/\/broadway-station.com\/?page_id=1508","url":"https:\/\/broadway-station.com\/?page_id=1508","name":"Vid\u00e9os Broadway Station, Jazz en images et vid\u00e9os - M\u00e9dias","isPartOf":{"@id":"https:\/\/broadway-station.com\/#website"},"datePublished":"2019-03-08T13:56:18+00:00","dateModified":"2019-03-13T12:01:22+00:00","description":"D\u00e9couvrez les vid\u00e9os de Broadway Station au travers de photographies et de vid\u00e9os issues des plus beaux spectacles du groupe de Jazz.","breadcrumb":{"@id":"https:\/\/broadway-station.com\/?page_id=1508#breadcrumb"},"inLanguage":"fr-FR","potentialAction":[{"@type":"ReadAction","target":["https:\/\/broadway-station.com\/?page_id=1508"]}]},{"@type":"BreadcrumbList","@id":"https:\/\/broadway-station.com\/?page_id=1508#breadcrumb","itemListElement":[{"@type":"ListItem","position":1,"name":"Accueil","item":"https:\/\/broadway-station.com\/"},{"@type":"ListItem","position":2,"name":"Vid\u00e9os"}]},{"@type":"WebSite","@id":"https:\/\/broadway-station.com\/#website","url":"https:\/\/broadway-station.com\/","name":"Broadway Station","description":"","potentialAction":[{"@type":"SearchAction","target":{"@type":"EntryPoint","urlTemplate":"https:\/\/broadway-station.com\/?s={search_term_string}"},"query-input":{"@type":"PropertyValueSpecification","valueRequired":true,"valueName":"search_term_string"}}],"inLanguage":"fr-FR"}]}},"_links":{"self":[{"href":"https:\/\/broadway-station.com\/index.php?rest_route=\/wp\/v2\/pages\/1508","targetHints":{"allow":["GET"]}}],"collection":[{"href":"https:\/\/broadway-station.com\/index.php?rest_route=\/wp\/v2\/pages"}],"about":[{"href":"https:\/\/broadway-station.com\/index.php?rest_route=\/wp\/v2\/types\/page"}],"author":[{"embeddable":true,"href":"https:\/\/broadway-station.com\/index.php?rest_route=\/wp\/v2\/users\/1"}],"replies":[{"embeddable":true,"href":"https:\/\/broadway-station.com\/index.php?rest_route=%2Fwp%2Fv2%2Fcomments&post=1508"}],"version-history":[{"count":3,"href":"https:\/\/broadway-station.com\/index.php?rest_route=\/wp\/v2\/pages\/1508\/revisions"}],"predecessor-version":[{"id":2302,"href":"https:\/\/broadway-station.com\/index.php?rest_route=\/wp\/v2\/pages\/1508\/revisions\/2302"}],"wp:attachment":[{"href":"https:\/\/broadway-station.com\/index.php?rest_route=%2Fwp%2Fv2%2Fmedia&parent=1508"}],"curies":[{"name":"wp","href":"https:\/\/api.w.org\/{rel}","templated":true}]}}